{"id":301,"date":"2009-07-27T15:57:20","date_gmt":"2009-07-27T13:57:20","guid":{"rendered":"http:\/\/schiffsratten.de\/blog\/?page_id=301"},"modified":"2013-02-24T22:45:11","modified_gmt":"2013-02-24T21:45:11","slug":"uber-uns","status":"publish","type":"page","link":"http:\/\/schiffsratten.de\/blog\/?page_id=301","title":{"rendered":"\u00dcber uns"},"content":{"rendered":"<h2><img loading=\"lazy\" decoding=\"async\" class=\"aligncenter\" alt=\"\" src=\"http:\/\/www.feilschen24.de\/second_life\/banner_ueberuns.gif\" width=\"524\" height=\"160\" \/><\/h2>\n<h2><span style=\"color: #3366ff;\"><strong>History:<\/strong><\/span><\/h2>\n<p>Die Schiffsratten wurden am 15.02.2008 als eine <a title=\"slinfo.de\" href=\"http:\/\/slinfo.de\" target=\"_blank\"><strong>SLinfo<\/strong><\/a> Projektgruppe gegr\u00fcndet. Das Ziel der Gruppe lautete &#8222;Finden \/ Sharen von interessanten, zusammenh\u00e4ngenden und offenen Wasser-Sims f\u00fcr Wassersport, Segeln und Boot fahren. Planung &amp; Organisation oder Publikation von Inworld-Wassersport-Events&#8220;.<\/p>\n<p>Am 16.08.2008 kauften Manni Lusch, Wolem Wobbit, jeremia Spotter, und Ralfo Rossini die Sim Tiga, die unter der Gruppe Schiffsratten Yacht Club Owner verwaltet wurde. Tiga liegt im Estate Sailors Cove, das zu den United Sailing Sims (USS) geh\u00f6rt. Die USS sind eines der besten Segelreviere in SL, mit strengen Vorgaben, um das Segeln m\u00f6glichst Lagfrei zu halten.<\/p>\n<p>Unser Hauptschwerpunkt liegt seitdem auf Segeltraining (Praxis wie Theorie), segeln von Regatten, eigene Segelevents durchf\u00fchren, Cruisen, und ganz wichtig bei all dem segeln ist Spa\u00df dabei zu haben ;-)<\/p>\n<p>Seit dem 09.07.2009 sind wir eine eigenst\u00e4ndige Gruppe. Was nicht bedeutet das wir keine Kontakte mehr zu SLinfo haben, nein ganz im Gegenteil. Wir m\u00f6chten nur der gesamten deutschsprachigen Community das Segeln in Second Life n\u00e4her bringen.<\/p>\n<p>Ende April 2010 haben wir unsere alte Heimat in Tiga verlassen, und sind nach Avignon umgezogen. Leider wurde der Standort nie richtig angenommen, so steht unser Club seit August 2010 in <a title=\"SLURL zum SRYC\" href=\"http:\/\/slurl.com\/secondlife\/Pslande\/104\/136\/26\/?img=http%3A\/\/www.feilschen24.de\/second_life\/schiffsratten-slurl_yc.jpg&amp;title=Schiffsratten%20YC\" target=\"_blank\"><strong>Pslande<\/strong><\/a> (in der Nachbarschaft liegt die Blake Sea). Hier haben wir nun wieder alle M\u00f6glichkeiten (super Segelrevier und sonstige Clubaktivit\u00e4ten) vereint.<\/p>\n<p>Wenn Ihr uns besuchen m\u00f6chtet, dann kommt im Idealfall zu unserem <strong>Trainingsabend<\/strong> ( jeden Montag\u00a0 um 20.30 Uhr). Auch an anderen Tagen werdet Ihr sicher jemanden im Yacht Club vorfinden.<\/p>\n<p>Selbstverst\u00e4ndlich k\u00f6nnt Ihr uns auch per IM anschreiben.<\/p>\n<h2><span style=\"color: #3366ff;\"><strong>Eure Ansprechpartner:<\/strong><\/span><\/h2>\n<h3>Communityarbeit:<\/h3>\n<p><strong><a title=\"Profil Silber Sands\" href=\"https:\/\/my.secondlife.com\/silber.sands\" target=\"_blank\">Silber Sands<\/a><\/strong>\u00a0&#8211; Zust\u00e4ndig f\u00fcr die Int. Segelcommunity (SLSF)<\/p>\n<p><a title=\"Zum SL Profil\" href=\"https:\/\/my.secondlife.com\/ralfo.rossini\" target=\"_blank\"><strong>Ralfo Rossini<\/strong><\/a> &#8211; Zust. f\u00fcr die deutschsprachige SL Community (Foren &amp; Blog)<\/p>\n<h3>Trainer:<\/h3>\n<p><strong><a title=\"Profil Silber Sands\" href=\"https:\/\/my.secondlife.com\/silber.sands\" target=\"_blank\">Silber Sands<\/a><\/strong>\u00a0&#8211; Trainer Flying Fizz<\/p>\n<p><a title=\"Profil von Ralf\" href=\"https:\/\/my.secondlife.com\/ralf80.titanium\" target=\"_blank\"><strong>Ralf80 Titanium<\/strong><\/a> &#8211; Trainer Theorie<\/p>\n<p><a title=\"Zum SL Profil\" href=\"https:\/\/my.secondlife.com\/jimboo.shelbyville\" target=\"_blank\"><strong>Jimboo Shelbyville<\/strong><\/a> &#8211;\u00a0 Trainer f\u00fcr Shelly Fizz und Theorie<\/p>\n<h3>Events:<\/h3>\n<p><strong><a title=\"Zum SL Profil\" href=\"https:\/\/my.secondlife.com\/ralfo.rossini\" target=\"_blank\">Ralfo Rossini<\/a> <\/strong>&#8211; Alle Events<\/p>\n<p><strong><a title=\"Profil von Gaia\" href=\"https:\/\/my.secondlife.com\/gaia.rhapsody\" target=\"_blank\">Gaia Rhapsody<\/a>\u00a0&#8211; <\/strong>Alle Events<\/p>\n<p><a title=\"Profil Ralf80 Titanium\" href=\"https:\/\/my.secondlife.com\/ralf80.titanium\" target=\"_blank\"><strong>Ralf80 Titanium<\/strong><\/a> &#8211; Alle Events<\/p>\n<h3>SRYC Race Director:<\/h3>\n<p><a title=\"Zum SL Profil\" href=\"https:\/\/my.secondlife.com\/wolem.wobbit\" target=\"_blank\"><strong>Wolem Wobbit<\/strong><\/a> &#8211; Race Director<\/p>\n<p><strong><a title=\"Profil Silber Sands\" href=\"https:\/\/my.secondlife.com\/silber.sands\" target=\"_blank\">Silber Sands<\/a><\/strong>\u00a0&#8211; Race Director<\/p>\n<p><a title=\"Zum SL Profil\" href=\"https:\/\/my.secondlife.com\/dahral.huet\" target=\"_blank\"><strong>Dahral Huet<\/strong><\/a> &#8211; Race Director<\/p>\n<p><a title=\"SLURL zum SRYC\" href=\"http:\/\/slurl.com\/secondlife\/Pslande\/104\/136\/26\/?img=http%3A\/\/www.feilschen24.de\/second_life\/schiffsratten-slurl_yc.jpg&amp;title=Schiffsratten%20YC\" target=\"_blank\"><img loading=\"lazy\" decoding=\"async\" class=\"aligncenter size-full wp-image-2892\" title=\"entdecke-die-ratte_blogbann\" alt=\"\" src=\"http:\/\/schiffsratten.de\/blog\/wp-content\/uploads\/2009\/07\/entdecke-die-ratte_blogbann.jpg\" width=\"522\" height=\"140\" srcset=\"http:\/\/schiffsratten.de\/blog\/wp-content\/uploads\/2009\/07\/entdecke-die-ratte_blogbann.jpg 522w, http:\/\/schiffsratten.de\/blog\/wp-content\/uploads\/2009\/07\/entdecke-die-ratte_blogbann-150x40.jpg 150w, http:\/\/schiffsratten.de\/blog\/wp-content\/uploads\/2009\/07\/entdecke-die-ratte_blogbann-300x80.jpg 300w\" sizes=\"auto, (max-width: 522px) 100vw, 522px\" \/><br \/>\n<\/a><\/p>\n","protected":false},"excerpt":{"rendered":"<p>History: Die Schiffsratten wurden am 15.02.2008 als eine SLinfo Projektgruppe gegr\u00fcndet. Das Ziel der Gruppe lautete &#8222;Finden \/ Sharen von interessanten, zusammenh\u00e4ngenden und offenen Wasser-Sims f\u00fcr Wassersport, Segeln und Boot fahren. Planung &amp; Organisation oder Publikation von Inworld-Wassersport-Events&#8220;. Am 16.08.2008 &hellip; <a href=\"http:\/\/schiffsratten.de\/blog\/?page_id=301\">Weiterlesen <span class=\"meta-nav\">&rarr;<\/span><\/a><\/p>\n","protected":false},"author":8,"featured_media":0,"parent":0,"menu_order":0,"comment_status":"closed","ping_status":"closed","template":"","meta":{"footnotes":""},"class_list":["post-301","page","type-page","status-publish","hentry"],"aioseo_notices":[],"_links":{"self":[{"href":"http:\/\/schiffsratten.de\/blog\/index.php?rest_route=\/wp\/v2\/pages\/301","targetHints":{"allow":["GET"]}}],"collection":[{"href":"http:\/\/schiffsratten.de\/blog\/index.php?rest_route=\/wp\/v2\/pages"}],"about":[{"href":"http:\/\/schiffsratten.de\/blog\/index.php?rest_route=\/wp\/v2\/types\/page"}],"author":[{"embeddable":true,"href":"http:\/\/schiffsratten.de\/blog\/index.php?rest_route=\/wp\/v2\/users\/8"}],"replies":[{"embeddable":true,"href":"http:\/\/schiffsratten.de\/blog\/index.php?rest_route=%2Fwp%2Fv2%2Fcomments&post=301"}],"version-history":[{"count":66,"href":"http:\/\/schiffsratten.de\/blog\/index.php?rest_route=\/wp\/v2\/pages\/301\/revisions"}],"predecessor-version":[{"id":435,"href":"http:\/\/schiffsratten.de\/blog\/index.php?rest_route=\/wp\/v2\/pages\/301\/revisions\/435"}],"wp:attachment":[{"href":"http:\/\/schiffsratten.de\/blog\/index.php?rest_route=%2Fwp%2Fv2%2Fmedia&parent=301"}],"curies":[{"name":"wp","href":"https:\/\/api.w.org\/{rel}","templated":true}]}}